{"id":85,"date":"2025-01-24T08:00:46","date_gmt":"2025-01-24T07:00:46","guid":{"rendered":"https:\/\/www.akwiso.com\/de\/impressum\/"},"modified":"2025-06-10T17:47:26","modified_gmt":"2025-06-10T15:47:26","slug":"impressum","status":"publish","type":"page","link":"https:\/\/www.akwiso.com\/de\/impressum\/","title":{"rendered":"Impressum"},"content":{"rendered":"\t\t<div data-elementor-type=\"wp-page\" data-elementor-id=\"85\" class=\"elementor elementor-85\" data-elementor-post-type=\"page\">\n\t\t\t\t\t\t<section class=\"elementor-section elementor-top-section elementor-element elementor-element-aecab87 elementor-section-boxed elementor-section-height-default elementor-section-height-default\" data-id=\"aecab87\" data-element_type=\"section\">\n\t\t\t\t\t\t<div class=\"elementor-container elementor-column-gap-default\">\n\t\t\t\t\t<div class=\"elementor-column elementor-col-100 elementor-top-column elementor-element elementor-element-c161e4d\" data-id=\"c161e4d\" data-element_type=\"column\">\n\t\t\t<div class=\"elementor-widget-wrap elementor-element-populated\">\n\t\t\t\t\t\t<div class=\"elementor-element elementor-element-eff39b0 elementor-widget elementor-widget-heading\" data-id=\"eff39b0\" data-element_type=\"widget\" data-widget_type=\"heading.default\">\n\t\t\t\t<div class=\"elementor-widget-container\">\n\t\t\t\t\t<h2 class=\"elementor-heading-title elementor-size-default\">Impressum<\/h2>\t\t\t\t<\/div>\n\t\t\t\t<\/div>\n\t\t\t\t<div class=\"elementor-element elementor-element-3367183 elementor-widget elementor-widget-heading\" data-id=\"3367183\" data-element_type=\"widget\" data-widget_type=\"heading.default\">\n\t\t\t\t<div class=\"elementor-widget-container\">\n\t\t\t\t\t<h5 class=\"elementor-heading-title elementor-size-default\">Angaben gem. \u00a75 DDG, \u00a718 Abs. 2 MStV<\/h5>\t\t\t\t<\/div>\n\t\t\t\t<\/div>\n\t\t\t\t\t<\/div>\n\t\t<\/div>\n\t\t\t\t\t<\/div>\n\t\t<\/section>\n\t\t\t\t<section class=\"elementor-section elementor-top-section elementor-element elementor-element-1bcf963 elementor-section-boxed elementor-section-height-default elementor-section-height-default\" data-id=\"1bcf963\" data-element_type=\"section\">\n\t\t\t\t\t\t<div class=\"elementor-container elementor-column-gap-default\">\n\t\t\t\t\t<div class=\"elementor-column elementor-col-66 elementor-top-column elementor-element elementor-element-8c4d5f4\" data-id=\"8c4d5f4\" data-element_type=\"column\">\n\t\t\t<div class=\"elementor-widget-wrap elementor-element-populated\">\n\t\t\t\t\t\t<div class=\"elementor-element elementor-element-5b1941d elementor-widget elementor-widget-text-editor\" data-id=\"5b1941d\" data-element_type=\"widget\" data-widget_type=\"text-editor.default\">\n\t\t\t\t<div class=\"elementor-widget-container\">\n\t\t\t\t\t\t\t\t\t<p><strong>AKWISO LTD | Data Protection and IT Security<\/strong><br>Dieter Grohmann<br>AO.ppa. \u00d6zlem Aydin<br><br><span style=\"font-size: 1rem; white-space-collapse: preserve;\"><span style=\"text-decoration: underline;\">Branch Office:<\/span> Eleftheriou Aristodimou, 60E PANORAMA 2 Kouklia<br>8510, Paphos, Zypern<\/span><\/p>\n<p>E-Mail: <a href=\"mailto:dg@akwiso.com\">dg@akwiso.com<\/a><br>Phone: <span style=\"font-size: 1rem; white-space-collapse: preserve;\">+357-97 457215<br><\/span>Telefon: <a href=\"http:\/\/tel:+4983745865266\">+49 (0) 8374 \/ 5865 &#8211; 266<\/a><br><span style=\"font-size: 1rem; white-space-collapse: preserve;\">VAT\/TIC CY60109449G<\/span><\/p>\t\t\t\t\t\t\t\t<\/div>\n\t\t\t\t<\/div>\n\t\t\t\t<div class=\"elementor-element elementor-element-4d63d95 elementor-widget elementor-widget-heading\" data-id=\"4d63d95\" data-element_type=\"widget\" data-widget_type=\"heading.default\">\n\t\t\t\t<div class=\"elementor-widget-container\">\n\t\t\t\t\t<h5 class=\"elementor-heading-title elementor-size-default\">Inhaltlich Verantwortlicher gem. \u00a718 Abs. 2 MStV:<\/h5>\t\t\t\t<\/div>\n\t\t\t\t<\/div>\n\t\t\t\t<div class=\"elementor-element elementor-element-24a79ca elementor-widget elementor-widget-text-editor\" data-id=\"24a79ca\" data-element_type=\"widget\" data-widget_type=\"text-editor.default\">\n\t\t\t\t<div class=\"elementor-widget-container\">\n\t\t\t\t\t\t\t\t\t<p>Dieter Grohmann<\/p>\t\t\t\t\t\t\t\t<\/div>\n\t\t\t\t<\/div>\n\t\t\t\t<div class=\"elementor-element elementor-element-3c2ec31 elementor-widget elementor-widget-heading\" data-id=\"3c2ec31\" data-element_type=\"widget\" data-widget_type=\"heading.default\">\n\t\t\t\t<div class=\"elementor-widget-container\">\n\t\t\t\t\t<h5 class=\"elementor-heading-title elementor-size-default\">\u00a71 Haftung f\u00fcr Inhalte<\/h5>\t\t\t\t<\/div>\n\t\t\t\t<\/div>\n\t\t\t\t<div class=\"elementor-element elementor-element-c184abc elementor-widget elementor-widget-text-editor\" data-id=\"c184abc\" data-element_type=\"widget\" data-widget_type=\"text-editor.default\">\n\t\t\t\t<div class=\"elementor-widget-container\">\n\t\t\t\t\t\t\t\t\t<p>F\u00fcr die eigenen Inhalte unserer Seiten sind wir nach den allgemeinen Gesetzen verantwortlich. Verbindliche Ausk\u00fcnfte, Beratungen, Empfehlungen oder Erkl\u00e4rungen erteilen wir ausschlie\u00dflich im Rahmen individueller Kommunikation. Wir behalten uns vor, unser Angebot jederzeit zu \u00e4ndern, zu erg\u00e4nzen, zu k\u00fcrzen oder auch ganz einzustellen. Wir stehen auch nicht daf\u00fcr ein, dass Inhalte unseres Angebots f\u00fcr den Nutzer und seine Zwecke geeignet sind.<\/p>\t\t\t\t\t\t\t\t<\/div>\n\t\t\t\t<\/div>\n\t\t\t\t<div class=\"elementor-element elementor-element-bbe5120 elementor-widget elementor-widget-heading\" data-id=\"bbe5120\" data-element_type=\"widget\" data-widget_type=\"heading.default\">\n\t\t\t\t<div class=\"elementor-widget-container\">\n\t\t\t\t\t<h5 class=\"elementor-heading-title elementor-size-default\">\u00a72 Urheberrecht<\/h5>\t\t\t\t<\/div>\n\t\t\t\t<\/div>\n\t\t\t\t<div class=\"elementor-element elementor-element-2aee19b elementor-widget elementor-widget-text-editor\" data-id=\"2aee19b\" data-element_type=\"widget\" data-widget_type=\"text-editor.default\">\n\t\t\t\t<div class=\"elementor-widget-container\">\n\t\t\t\t\t\t\t\t\t<p>Der Inhalt, die Gestaltung und der Aufbau unseres Angebotes sind urheberrechtlich gesch\u00fctzt und wir behalten uns s\u00e4mtliche Schutzrechte ausdr\u00fccklich vor. Insbesondere bed\u00fcrfen die Vervielf\u00e4ltigung, Bearbeitung, Verbreitung und jede Art der Verwertung der Inhalte unserer schriftlichen Zustimmung, sofern die Ma\u00dfnahme nicht nach gesetzlichen Vorschriften zustimmungsfrei erlaubt ist. Downloads und Kopien dieser Seite sind nun f\u00fcr den privaten, nicht kommerziellen Gebrauch gestattet.<\/p>\t\t\t\t\t\t\t\t<\/div>\n\t\t\t\t<\/div>\n\t\t\t\t\t<\/div>\n\t\t<\/div>\n\t\t\t\t<div class=\"elementor-column elementor-col-33 elementor-top-column elementor-element elementor-element-fccf8b3\" data-id=\"fccf8b3\" data-element_type=\"column\">\n\t\t\t<div class=\"elementor-widget-wrap\">\n\t\t\t\t\t\t\t<\/div>\n\t\t<\/div>\n\t\t\t\t\t<\/div>\n\t\t<\/section>\n\t\t\t\t<\/div>\n\t\t","protected":false},"excerpt":{"rendered":"<p>Impressum Angaben gem. \u00a75 DDG, \u00a718 Abs. 2 MStV AKWISO LTD | Data Protection and IT SecurityDieter GrohmannAO.ppa. \u00d6zlem Aydin Branch Office: Eleftheriou Aristodimou, 60E PANORAMA 2 Kouklia8510, Paphos, Zypern E-Mail: dg@akwiso.comPhone: +357-97 457215Telefon: +49 (0) 8374 \/ 5865 &#8211; 266VAT\/TIC CY60109449G Inhaltlich Verantwortlicher gem. \u00a718 Abs. 2 MStV: Dieter Grohmann \u00a71 Haftung f\u00fcr Inhalte [&hellip;]<\/p>\n","protected":false},"author":1,"featured_media":0,"parent":0,"menu_order":1,"comment_status":"closed","ping_status":"closed","template":"","meta":{"inline_featured_image":false,"footnotes":""},"class_list":["post-85","page","type-page","status-publish","hentry"],"_links":{"self":[{"href":"https:\/\/www.akwiso.com\/de\/wp-json\/wp\/v2\/pages\/85","targetHints":{"allow":["GET"]}}],"collection":[{"href":"https:\/\/www.akwiso.com\/de\/wp-json\/wp\/v2\/pages"}],"about":[{"href":"https:\/\/www.akwiso.com\/de\/wp-json\/wp\/v2\/types\/page"}],"author":[{"embeddable":true,"href":"https:\/\/www.akwiso.com\/de\/wp-json\/wp\/v2\/users\/1"}],"replies":[{"embeddable":true,"href":"https:\/\/www.akwiso.com\/de\/wp-json\/wp\/v2\/comments?post=85"}],"version-history":[{"count":34,"href":"https:\/\/www.akwiso.com\/de\/wp-json\/wp\/v2\/pages\/85\/revisions"}],"predecessor-version":[{"id":240,"href":"https:\/\/www.akwiso.com\/de\/wp-json\/wp\/v2\/pages\/85\/revisions\/240"}],"wp:attachment":[{"href":"https:\/\/www.akwiso.com\/de\/wp-json\/wp\/v2\/media?parent=85"}],"curies":[{"name":"wp","href":"https:\/\/api.w.org\/{rel}","templated":true}]}}